{"id":7965,"date":"2026-04-09T15:10:41","date_gmt":"2026-04-09T15:10:41","guid":{"rendered":"https:\/\/ithinkiceland.com\/?page_id=7965"},"modified":"2026-04-15T02:15:26","modified_gmt":"2026-04-15T02:15:26","slug":"iceland-explorer-glaciers-geysers-northern-wonders","status":"publish","type":"page","link":"https:\/\/ithinkiceland.com\/index.php\/iceland-explorer-glaciers-geysers-northern-wonders\/","title":{"rendered":""},"content":{"rendered":"\t\t<div data-elementor-type=\"wp-page\" data-elementor-id=\"7965\" class=\"elementor elementor-7965\" data-elementor-post-type=\"page\">\n\t\t\t\t\t\t\t<div class=\"elementor-element elementor-element-fca80f3 e-flex e-con-boxed e-con e-parent\" data-id=\"fca80f3\" data-element_type=\"container\" data-settings=\"{&quot;content_width&quot;:&quot;boxed&quot;}\" data-core-v316-plus=\"true\">\n\t\t\t\t\t<div class=\"e-con-inner\">\n\t\t\t\t<div class=\"elementor-element elementor-element-e29d5f8 elementor-widget elementor-widget-heading\" data-id=\"e29d5f8\" data-element_type=\"widget\" data-widget_type=\"heading.default\">\n\t\t\t\t<div class=\"elementor-widget-container\">\n\t\t\t<style>\/*! elementor - v3.17.0 - 01-11-2023 *\/\n.elementor-heading-title{padding:0;margin:0;line-height:1}.elementor-widget-heading .elementor-heading-title[class*=elementor-size-]>a{color:inherit;font-size:inherit;line-height:inherit}.elementor-widget-heading .elementor-heading-title.elementor-size-small{font-size:15px}.elementor-widget-heading .elementor-heading-title.elementor-size-medium{font-size:19px}.elementor-widget-heading .elementor-heading-title.elementor-size-large{font-size:29px}.elementor-widget-heading .elementor-heading-title.elementor-size-xl{font-size:39px}.elementor-widget-heading .elementor-heading-title.elementor-size-xxl{font-size:59px}<\/style><h1 class=\"elementor-heading-title elementor-size-default\">Iceland Explorer: Glaciers, Geysers &amp; Northern Wonders<\/h1>\t\t<\/div>\n\t\t\t\t<\/div>\n\t\t\t\t\t<\/div>\n\t\t\t\t<\/div>\n\t\t<div class=\"elementor-element elementor-element-d7a695e e-flex e-con-boxed e-con e-parent\" data-id=\"d7a695e\" data-element_type=\"container\" data-settings=\"{&quot;content_width&quot;:&quot;boxed&quot;}\" data-core-v316-plus=\"true\">\n\t\t\t\t\t<div class=\"e-con-inner\">\n\t\t<div class=\"elementor-element elementor-element-5bdcde3 e-con-full e-flex e-con e-child\" data-id=\"5bdcde3\" data-element_type=\"container\" data-settings=\"{&quot;content_width&quot;:&quot;full&quot;}\">\n\t\t\t\t<div class=\"elementor-element elementor-element-d4d812d elementor-arrows-position-inside elementor-pagination-position-outside elementor-widget elementor-widget-image-carousel\" data-id=\"d4d812d\" data-element_type=\"widget\" data-settings=\"{&quot;slides_to_show&quot;:&quot;1&quot;,&quot;navigation&quot;:&quot;both&quot;,&quot;autoplay&quot;:&quot;yes&quot;,&quot;pause_on_hover&quot;:&quot;yes&quot;,&quot;pause_on_interaction&quot;:&quot;yes&quot;,&quot;autoplay_speed&quot;:5000,&quot;infinite&quot;:&quot;yes&quot;,&quot;effect&quot;:&quot;slide&quot;,&quot;speed&quot;:500}\" data-widget_type=\"image-carousel.default\">\n\t\t\t\t<div class=\"elementor-widget-container\">\n\t\t\t<style>\/*! elementor - v3.17.0 - 01-11-2023 *\/\n.elementor-widget-image-carousel .swiper,.elementor-widget-image-carousel .swiper-container{position:static}.elementor-widget-image-carousel .swiper-container .swiper-slide figure,.elementor-widget-image-carousel .swiper .swiper-slide figure{line-height:inherit}.elementor-widget-image-carousel .swiper-slide{text-align:center}.elementor-image-carousel-wrapper:not(.swiper-container-initialized):not(.swiper-initialized) .swiper-slide{max-width:calc(100% \/ var(--e-image-carousel-slides-to-show, 3))}<\/style>\t\t<div class=\"elementor-image-carousel-wrapper swiper\" dir=\"ltr\">\n\t\t\t<div class=\"elementor-image-carousel swiper-wrapper\" aria-live=\"off\">\n\t\t\t\t\t\t\t\t<div class=\"swiper-slide\" role=\"group\" aria-roledescription=\"slide\" aria-label=\"1 of 14\"><figure class=\"swiper-slide-inner\"><img decoding=\"async\" class=\"swiper-slide-image\" src=\"https:\/\/ithinkiceland.com\/wp-content\/uploads\/2026\/04\/Day-10-\u2013-Snaefellsnes-Peninsula-Scenic-Farewell-ithinkiceland.jpg\" alt=\"Day 10 \u2013 Snaefellsnes Peninsula Scenic Farewell ithinkiceland\" \/><\/figure><\/div><div class=\"swiper-slide\" role=\"group\" aria-roledescription=\"slide\" aria-label=\"2 of 14\"><figure class=\"swiper-slide-inner\"><img decoding=\"async\" class=\"swiper-slide-image\" src=\"https:\/\/ithinkiceland.com\/wp-content\/uploads\/2026\/04\/Day-9-\u2013-Blue-Lagoon-Experience-ithinkiceland.jpg\" alt=\"Day 9 \u2013 Blue Lagoon Experience ithinkiceland\" \/><\/figure><\/div><div class=\"swiper-slide\" role=\"group\" aria-roledescription=\"slide\" aria-label=\"3 of 14\"><figure class=\"swiper-slide-inner\"><img decoding=\"async\" class=\"swiper-slide-image\" src=\"https:\/\/ithinkiceland.com\/wp-content\/uploads\/2026\/04\/Day-8-\u2013-Northern-Lights-Night-ithinkiceland.jpg\" alt=\"Day 8 \u2013 Northern Lights Night ithinkiceland\" \/><\/figure><\/div><div class=\"swiper-slide\" role=\"group\" aria-roledescription=\"slide\" aria-label=\"4 of 14\"><figure class=\"swiper-slide-inner\"><img decoding=\"async\" class=\"swiper-slide-image\" src=\"https:\/\/ithinkiceland.com\/wp-content\/uploads\/2026\/04\/Day-7-\u2013-Jokulsarlon-Glacier-Lagoon-Diamond-Beach-ithinkiceland.jpg\" alt=\"Day 7 \u2013 J\u00f6kuls\u00e1rl\u00f3n Glacier Lagoon &amp; Diamond Beach ithinkiceland\" \/><\/figure><\/div><div class=\"swiper-slide\" role=\"group\" aria-roledescription=\"slide\" aria-label=\"5 of 14\"><figure class=\"swiper-slide-inner\"><img decoding=\"async\" class=\"swiper-slide-image\" src=\"https:\/\/ithinkiceland.com\/wp-content\/uploads\/2026\/04\/Day-5_3-\u2013-Black-Sand-Beach-Reynisfjara-ithinkiceland.jpg\" alt=\"Day 5_3 \u2013 Black Sand Beach (Reynisfjara) ithinkiceland\" \/><\/figure><\/div><div class=\"swiper-slide\" role=\"group\" aria-roledescription=\"slide\" aria-label=\"6 of 14\"><figure class=\"swiper-slide-inner\"><img decoding=\"async\" class=\"swiper-slide-image\" src=\"https:\/\/ithinkiceland.com\/wp-content\/uploads\/2026\/04\/Day-5-\u2013-Black-Sand-Beach-Reynisfjara-ithinkiceland.jpg\" alt=\"Day 5 \u2013 Black Sand Beach (Reynisfjara) ithinkiceland\" \/><\/figure><\/div><div class=\"swiper-slide\" role=\"group\" aria-roledescription=\"slide\" aria-label=\"7 of 14\"><figure class=\"swiper-slide-inner\"><img decoding=\"async\" class=\"swiper-slide-image\" src=\"https:\/\/ithinkiceland.com\/wp-content\/uploads\/2026\/04\/Day-4_1-\u2013-Seljalandsfoss-Skogafoss-Waterfalls-ithinkiceland.jpg\" alt=\"Day 4_1 \u2013 Seljalandsfoss &amp; Skogafoss Waterfalls ithinkiceland\" \/><\/figure><\/div><div class=\"swiper-slide\" role=\"group\" aria-roledescription=\"slide\" aria-label=\"8 of 14\"><figure class=\"swiper-slide-inner\"><img decoding=\"async\" class=\"swiper-slide-image\" src=\"https:\/\/ithinkiceland.com\/wp-content\/uploads\/2026\/04\/Day-3_2-\u2013-Gullfoss-Waterfall-Kerid-Crater-ithinkiceland.jpg\" alt=\"Day 3_2 \u2013 Gullfoss Waterfall &amp; Kerid Crater ithinkiceland\" \/><\/figure><\/div><div class=\"swiper-slide\" role=\"group\" aria-roledescription=\"slide\" aria-label=\"9 of 14\"><figure class=\"swiper-slide-inner\"><img decoding=\"async\" class=\"swiper-slide-image\" src=\"https:\/\/ithinkiceland.com\/wp-content\/uploads\/2026\/04\/Day-3_1-\u2013-Gullfoss-Waterfall-Kerid-Crater-ithinkiceland.jpg\" alt=\"Day 3_1 \u2013 Gullfoss Waterfall &amp; Kerid Crater ithinkiceland\" \/><\/figure><\/div><div class=\"swiper-slide\" role=\"group\" aria-roledescription=\"slide\" aria-label=\"10 of 14\"><figure class=\"swiper-slide-inner\"><img decoding=\"async\" class=\"swiper-slide-image\" src=\"https:\/\/ithinkiceland.com\/wp-content\/uploads\/2026\/04\/Day-3-\u2013-Gullfoss-Waterfall-Kerid-Crater-ithinkiceland.jpg\" alt=\"Day 3 \u2013 Gullfoss Waterfall &amp; Kerid Crater ithinkiceland\" \/><\/figure><\/div><div class=\"swiper-slide\" role=\"group\" aria-roledescription=\"slide\" aria-label=\"11 of 14\"><figure class=\"swiper-slide-inner\"><img decoding=\"async\" class=\"swiper-slide-image\" src=\"https:\/\/ithinkiceland.com\/wp-content\/uploads\/2026\/04\/2_3.jpg\" alt=\"2_3\" \/><\/figure><\/div><div class=\"swiper-slide\" role=\"group\" aria-roledescription=\"slide\" aria-label=\"12 of 14\"><figure class=\"swiper-slide-inner\"><img decoding=\"async\" class=\"swiper-slide-image\" src=\"https:\/\/ithinkiceland.com\/wp-content\/uploads\/2026\/04\/2_2.jpg\" alt=\"2_2\" \/><\/figure><\/div><div class=\"swiper-slide\" role=\"group\" aria-roledescription=\"slide\" aria-label=\"13 of 14\"><figure class=\"swiper-slide-inner\"><img decoding=\"async\" class=\"swiper-slide-image\" src=\"https:\/\/ithinkiceland.com\/wp-content\/uploads\/2026\/04\/2_1.jpg\" alt=\"2_1\" \/><\/figure><\/div><div class=\"swiper-slide\" role=\"group\" aria-roledescription=\"slide\" aria-label=\"14 of 14\"><figure class=\"swiper-slide-inner\"><img decoding=\"async\" class=\"swiper-slide-image\" src=\"https:\/\/ithinkiceland.com\/wp-content\/uploads\/2026\/04\/2.jpg\" alt=\"2\" \/><\/figure><\/div>\t\t\t<\/div>\n\t\t\t\t\t\t\t\t\t\t\t\t<div class=\"elementor-swiper-button elementor-swiper-button-prev\" role=\"button\" tabindex=\"0\">\n\t\t\t\t\t\t<i aria-hidden=\"true\" class=\"eicon-chevron-left\"><\/i>\t\t\t\t\t<\/div>\n\t\t\t\t\t<div class=\"elementor-swiper-button elementor-swiper-button-next\" role=\"button\" tabindex=\"0\">\n\t\t\t\t\t\t<i aria-hidden=\"true\" class=\"eicon-chevron-right\"><\/i>\t\t\t\t\t<\/div>\n\t\t\t\t\n\t\t\t\t\t\t\t\t\t<div class=\"swiper-pagination\"><\/div>\n\t\t\t\t\t\t\t\t\t<\/div>\n\t\t\t\t<\/div>\n\t\t\t\t<\/div>\n\t\t\t\t<\/div>\n\t\t<div class=\"elementor-element elementor-element-1ccc532 e-con-full e-flex e-con e-child\" data-id=\"1ccc532\" data-element_type=\"container\" data-settings=\"{&quot;content_width&quot;:&quot;full&quot;}\">\n\t\t\t\t<div class=\"elementor-element elementor-element-7bcd50a elementor-widget elementor-widget-html\" data-id=\"7bcd50a\" data-element_type=\"widget\" data-widget_type=\"html.default\">\n\t\t\t\t<div class=\"elementor-widget-container\">\n\t\t\t\r\n<div class=\"tour-wrapper\">\r\n<div class=\"hero-info\">\r\n<div class=\"tour-badge\">10 Days \u00b7 Iceland Tour<\/div>\r\n<h2>Iceland Explorer: Glaciers, Geysers &amp; Northern Wonders<\/h2>\r\n<div class=\"tour-short-desc\">Embark on an unforgettable 10-day journey through Iceland's dramatic landscapes \u2014 from geysers and waterfalls to glaciers, lava fields, and geothermal spas.<\/div>\r\n<div class=\"info-grid\"><span class=\"info-chip\">\ud83d\udcc5 01 May \u2013 10 May 2026<\/span> <span class=\"info-chip\">\ud83c\udf19 9 Nights \/ 10 Days<\/span> <span class=\"info-chip\">\ud83d\udccd Reykjavik, Akureyri, Vik, Borgarnes<\/span> <span class=\"info-chip\">\ud83c\udfe8 4\u2605 + 3\u2605 Hotels<\/span><\/div>\r\n<a class=\"btn-primary\" href=\"#\">Check Availability \u2192<\/a><\/div>\r\n<\/div>\t\t<\/div>\n\t\t\t\t<\/div>\n\t\t\t\t<\/div>\n\t\t\t\t\t<\/div>\n\t\t\t\t<\/div>\n\t\t<div class=\"elementor-element elementor-element-3f40190b e-flex e-con-boxed e-con e-parent\" data-id=\"3f40190b\" data-element_type=\"container\" data-settings=\"{&quot;content_width&quot;:&quot;boxed&quot;}\" data-core-v316-plus=\"true\">\n\t\t\t\t\t<div class=\"e-con-inner\">\n\t\t\t\t<div class=\"elementor-element elementor-element-a7ad9e2 elementor-widget elementor-widget-text-editor\" data-id=\"a7ad9e2\" data-element_type=\"widget\" data-widget_type=\"text-editor.default\">\n\t\t\t\t<div class=\"elementor-widget-container\">\n\t\t\t<style>\/*! elementor - v3.17.0 - 01-11-2023 *\/\n.elementor-widget-text-editor.elementor-drop-cap-view-stacked .elementor-drop-cap{background-color:#69727d;color:#fff}.elementor-widget-text-editor.elementor-drop-cap-view-framed .elementor-drop-cap{color:#69727d;border:3px solid;background-color:transparent}.elementor-widget-text-editor:not(.elementor-drop-cap-view-default) .elementor-drop-cap{margin-top:8px}.elementor-widget-text-editor:not(.elementor-drop-cap-view-default) .elementor-drop-cap-letter{width:1em;height:1em}.elementor-widget-text-editor .elementor-drop-cap{float:left;text-align:center;line-height:1;font-size:50px}.elementor-widget-text-editor .elementor-drop-cap-letter{display:inline-block}<\/style>\t\t\t\t<!-- wp:html -->\n<p>&nbsp;<\/p>\n<p>&nbsp;<\/p>\n<p>&nbsp;<\/p>\n<p><style>\n* {\n    margin: 0;\n    padding: 0;\n    box-sizing: border-box;\n}\n\nbody {\n    font-family: system-ui, -apple-system, 'Segoe UI', Roboto, 'Helvetica Neue', sans-serif;\n    background-color: #ffffff;\n    color: #1a2c2f;\n    line-height: 1.5;\n}\n\n.tour-wrapper {\n    max-width: 1280px;\n    margin: 0 auto;\n    padding: 2rem 1.5rem 4rem;\n}\n\n.breadcrumb {\n    font-size: 0.85rem;\n    color: #4b6a6f;\n    margin-bottom: 1.5rem;\n}\n\n.breadcrumb a {\n    color: #2c6e6b;\n    text-decoration: none;\n}\n\n.breadcrumb a:hover {\n    text-decoration: underline;\n}\n\n.hero {\n    display: flex;\n    flex-wrap: wrap;\n    gap: 2rem;\n    margin-bottom: 3rem;\n}\n\n.hero-gallery {\n    flex: 2;\n    min-width: 260px;\n    border-radius: 28px;\n    overflow: hidden;\n    background: #eef3f0;\n    box-shadow: 0 12px 28px rgba(0, 0, 0, 0.08);\n}\n\n.main-img {\n    width: 100%;\n    aspect-ratio: 16 \/ 9;\n    object-fit: cover;\n    display: block;\n}\n\n.thumbnail-strip {\n    display: flex;\n    gap: 0.75rem;\n    padding: 1rem;\n    background: #fefcf5;\n    flex-wrap: wrap;\n}\n\n.thumbnail {\n    width: 80px;\n    height: 60px;\n    object-fit: cover;\n    border-radius: 12px;\n    cursor: pointer;\n    opacity: 0.7;\n    transition: 0.2s;\n    border: 2px solid transparent;\n}\n\n.thumbnail.active-thumb {\n    opacity: 1;\n    border-color: #2c6e6b;\n}\n\n.hero-info {\n    flex: 1.2;\n    min-width: 260px;\n}\n\n.tour-badge {\n    display: inline-block;\n    background: #e9f1ef;\n    color: #1a6d66;\n    padding: 0.3rem 0.9rem;\n    border-radius: 40px;\n    font-size: 0.8rem;\n    font-weight: 600;\n    margin-bottom: 1rem;\n}\n\nh1 {\n    font-size: 2.4rem;\n    font-weight: 700;\n    letter-spacing: -0.02em;\n    line-height: 1.2;\n    margin-bottom: 0.75rem;\n    color: #0e2a2b;\n}\n\n.tour-short-desc {\n    font-size: 1.1rem;\n    color: #2c5a5e;\n    margin-bottom: 1.5rem;\n    border-left: 3px solid #e2bc8c;\n    padding-left: 1rem;\n}\n\n.info-grid {\n    display: flex;\n    flex-wrap: wrap;\n    gap: 0.8rem;\n    margin: 1.5rem 0;\n}\n\n.info-chip {\n    background: #f7f3ea;\n    padding: 0.4rem 1rem;\n    border-radius: 40px;\n    font-size: 0.85rem;\n    display: inline-flex;\n    align-items: center;\n    gap: 0.4rem;\n}\n\n.btn-primary {\n    background: #2a6b62;\n    color: white;\n    border: none;\n    padding: 0.9rem 2rem;\n    border-radius: 48px;\n    font-weight: 600;\n    font-size: 1rem;\n    cursor: pointer;\n    transition: 0.2s;\n    text-decoration: none;\n    display: inline-block;\n    margin-top: 1rem;\n}\n\n.btn-primary:hover {\n    background: #1e524a;\n    transform: translateY(-2px);\n}\n\n.section-title {\n    font-size: 1.8rem;\n    font-weight: 600;\n    margin-bottom: 1.2rem;\n    border-left: 5px solid #e2bc8c;\n    padding-left: 1rem;\n}\n\n.grid-list {\n    display: grid;\n    grid-template-columns: repeat(auto-fill, minmax(250px, 1fr));\n    gap: 0.8rem;\n}\n\n.grid-list li {\n    list-style: none;\n    padding-left: 1.6rem;\n    position: relative;\n    margin-bottom: 0.5rem;\n}\n\n.grid-list li::before {\n    content: \"\u2728\";\n    position: absolute;\n    left: 0;\n    color: #e2a526;\n}\n\n.hotel-grid {\n    display: flex;\n    flex-wrap: wrap;\n    gap: 1rem;\n    margin-top: 0.5rem;\n}\n\n.hotel-card {\n    background: #faf9f5;\n    padding: 1rem 1.2rem;\n    border-radius: 24px;\n    flex: 1 1 200px;\n    border: 1px solid #e9e2d6;\n}\n\n.hotel-name {\n    font-weight: 700;\n    color: #2a6b62;\n}\n\n.day-card {\n    background: #ffffff;\n    border-radius: 28px;\n    box-shadow: 0 4px 12px rgba(0, 0, 0, 0.03);\n    margin-bottom: 1rem;\n    border: 1px solid #ece8df;\n    overflow: hidden;\n}\n\n.day-header {\n    background: #fefaf2;\n    padding: 1.2rem 1.8rem;\n    cursor: pointer;\n    display: flex;\n    justify-content: space-between;\n    align-items: center;\n    font-weight: 700;\n    font-size: 1.15rem;\n}\n\n.day-header span:first-child {\n    color: #2a6b62;\n}\n\n.day-content {\n    padding: 0 1.8rem 1.5rem 1.8rem;\n    display: none;\n    border-top: 1px solid #ede6db;\n}\n\n.day-highlights {\n    margin-top: 1rem;\n    display: flex;\n    flex-wrap: wrap;\n    gap: 0.5rem;\n}\n\n.day-highlight-tag {\n    background: #eef2ea;\n    padding: 0.2rem 0.8rem;\n    border-radius: 30px;\n    font-size: 0.75rem;\n}\n\n.included-section {\n    background: #faf9f5;\n    border-radius: 32px;\n    padding: 2rem;\n    margin: 2rem 0;\n}\n\n.tour-footer {\n    margin-top: 3rem;\n    text-align: center;\n    padding: 2rem;\n    background: #f4f0e7;\n    border-radius: 32px;\n}\n\n@media (max-width: 780px) {\n    .tour-wrapper {\n        padding: 1rem;\n    }\n    h1 {\n        font-size: 1.8rem;\n    }\n    .day-header {\n        padding: 1rem;\n    }\n}\n<\/style><\/p>\n\n<!-- HIGHLIGHTS (exactly from PDF data) -->\n<div style=\"margin: 2rem 0;\">\n<h2 class=\"section-title\">\u2728 Highlights<\/h2>\n<ul class=\"grid-list\">\n<li>Aurora Museum &amp; FlyOver Iceland experience<\/li>\n<li>Golden Circle \u2013 Thingvellir, Geysir &amp; Gullfoss<\/li>\n<li>Akureyri \u2013 Capital of North Iceland<\/li>\n<li>Lake Myvatn geothermal region<\/li>\n<li>Into the Glacier Monster Truck experience<\/li>\n<li>Snaefellsnes Peninsula exploration<\/li>\n<li>South Coast waterfalls &amp; Black Sand Beach<\/li>\n<li>Jokulsarlon Glacier Lagoon &amp; Diamond Beach<\/li>\n<li>Blue Lagoon geothermal spa<\/li>\n<li>Reykjavik city orientation tour<\/li>\n<\/ul>\n<\/div>\n<!-- HOTELS (exactly from PDF data) -->\n<div style=\"margin: 2rem 0;\">\n<h2 class=\"section-title\">\ud83c\udfe8 Stay<\/h2>\n<div class=\"hotel-grid\">\n<div class=\"hotel-card\"><span class=\"hotel-name\">Grand Hotel (4\u2605)<\/span><br \/>Reykjavik \u2013 2 Nights<\/div>\n<div class=\"hotel-card\"><span class=\"hotel-name\">Hotel Kjarnalundur (3\u2605)<\/span><br \/>Akureyri \u2013 2 Nights<\/div>\n<div class=\"hotel-card\"><span class=\"hotel-name\">Hotel Borgarnes (3\u2605)<\/span><br \/>Borgarnes \u2013 2 Nights<\/div>\n<div class=\"hotel-card\"><span class=\"hotel-name\">Hotel Dyrholaey (3\u2605)<\/span><br \/>Vik \u2013 2 Nights<\/div>\n<div class=\"hotel-card\"><span class=\"hotel-name\">Grand Hotel (4\u2605)<\/span><br \/>Reykjavik \u2013 1 Night<\/div>\n<\/div>\n<\/div>\n<!-- ITINERARY (exactly from PDF data - expanded descriptions added but content faithful) -->\n<div class=\"itinerary\">\n<h2 class=\"section-title\">\ud83d\uddfa\ufe0f Day-wise Itinerary<\/h2>\n<div class=\"day-card\">\n<div class=\"day-header\">Day 1: Keflavik \u2192 Reykjavik\u25bc<\/div>\n<div class=\"day-content\">\n<p>Arrival at Keflavik. Visit Aurora Museum and FlyOver Iceland experience. Check-in at Reykjavik hotel.<\/p>\n<div class=\"day-highlights\"><span class=\"day-highlight-tag\">Aurora Museum<\/span><span class=\"day-highlight-tag\">FlyOver Iceland<\/span><\/div>\n<\/div>\n<\/div>\n<div class=\"day-card\">\n<div class=\"day-header\">Day 2: Golden Circle\u25bc<\/div>\n<div class=\"day-content\">\n<p>Visit Thingvellir National Park, Geysir (Strokkur), Gullfoss waterfall and Freidheimar Tomato Farm.<\/p>\n<div class=\"day-highlights\"><span class=\"day-highlight-tag\">Thingvellir<\/span><span class=\"day-highlight-tag\">Geysir<\/span><span class=\"day-highlight-tag\">Gullfoss<\/span><span class=\"day-highlight-tag\">Fri\u00f0heimar<\/span><\/div>\n<\/div>\n<\/div>\n<div class=\"day-card\">\n<div class=\"day-header\">Day 3: Reykjavik \u2192 Akureyri\u25bc<\/div>\n<div class=\"day-content\">\n<p>Scenic drive to Akureyri. Visit Akureyri Church and Botanical Garden.<\/p>\n<div class=\"day-highlights\"><span class=\"day-highlight-tag\">Akureyri Church<\/span><span class=\"day-highlight-tag\">Botanical Garden<\/span><\/div>\n<\/div>\n<\/div>\n<div class=\"day-card\">\n<div class=\"day-header\">Day 4: Lake Myvatn\u25bc<\/div>\n<div class=\"day-content\">\n<p>Visit Godafoss waterfall, Dimmuborgir lava fields, pseudo craters, Namaskard and relax at Myvatn Thermal Bath.<\/p>\n<div class=\"day-highlights\"><span class=\"day-highlight-tag\">Go\u00f0afoss<\/span><span class=\"day-highlight-tag\">Dimmuborgir<\/span><span class=\"day-highlight-tag\">N\u00e1maskar\u00f0<\/span><span class=\"day-highlight-tag\">M\u00fdvatn Baths<\/span><\/div>\n<\/div>\n<\/div>\n<div class=\"day-card\">\n<div class=\"day-header\">Day 5: Borgarnes\u25bc<\/div>\n<div class=\"day-content\">\n<p>Into the Glacier tour by Monster Truck. Visit Hraunfossar, Barnafoss and Deildartunguhver hot spring.<\/p>\n<div class=\"day-highlights\"><span class=\"day-highlight-tag\">Into the Glacier<\/span><span class=\"day-highlight-tag\">Hraunfossar<\/span><span class=\"day-highlight-tag\">Barnafoss<\/span><span class=\"day-highlight-tag\">Deildartunguhver<\/span><\/div>\n<\/div>\n<\/div>\n<div class=\"day-card\">\n<div class=\"day-header\">Day 6: Snaefellsnes Peninsula\u25bc<\/div>\n<div class=\"day-content\">\n<p>Explore Kirkjufell mountain, Budir Church, Arnarstapi, Hellnar and Vatnshellir lava cave.<\/p>\n<div class=\"day-highlights\"><span class=\"day-highlight-tag\">Kirkjufell<\/span><span class=\"day-highlight-tag\">B\u00fa\u00f0ir Church<\/span><span class=\"day-highlight-tag\">Arnarstapi<\/span><span class=\"day-highlight-tag\">Vatnshellir<\/span><\/div>\n<\/div>\n<\/div>\n<div class=\"day-card\">\n<div class=\"day-header\">Day 7: Vik (South Coast)\u25bc<\/div>\n<div class=\"day-content\">\n<p>Visit Seljalandsfoss, Skogafoss, DC plane wreck and Black Sand Beach.<\/p>\n<div class=\"day-highlights\"><span class=\"day-highlight-tag\">Seljalandsfoss<\/span><span class=\"day-highlight-tag\">Sk\u00f3gafoss<\/span><span class=\"day-highlight-tag\">Plane Wreck<\/span><span class=\"day-highlight-tag\">Reynisfjara<\/span><\/div>\n<\/div>\n<\/div>\n<div class=\"day-card\">\n<div class=\"day-header\">Day 8: Skaftafell &amp; Glacier Lagoon\u25bc<\/div>\n<div class=\"day-content\">\n<p>Visit Eldhraun lava fields, Skaftafell National Park, Jokulsarlon Glacier Lagoon and Diamond Beach.<\/p>\n<div class=\"day-highlights\"><span class=\"day-highlight-tag\">Eldhraun<\/span><span class=\"day-highlight-tag\">Skaftafell<\/span><span class=\"day-highlight-tag\">J\u00f6kuls\u00e1rl\u00f3n<\/span><span class=\"day-highlight-tag\">Diamond Beach<\/span><\/div>\n<\/div>\n<\/div>\n<div class=\"day-card\">\n<div class=\"day-header\">Day 9: Reykjavik &amp; Blue Lagoon\u25bc<\/div>\n<div class=\"day-content\">\n<p>Reykjavik city tour covering major landmarks. Relax at Blue Lagoon with Comfort Package.<\/p>\n<div class=\"day-highlights\"><span class=\"day-highlight-tag\">Reykjavik landmarks<\/span><span class=\"day-highlight-tag\">Blue Lagoon<\/span><\/div>\n<\/div>\n<\/div>\n<div class=\"day-card\">\n<div class=\"day-header\">Day 10: Departure\u25bc<\/div>\n<div class=\"day-content\">\n<p>Transfer to Keflavik Airport for return journey.<\/p>\n<div class=\"day-highlights\"><span class=\"day-highlight-tag\">Airport transfer<\/span><\/div>\n<\/div>\n<\/div>\n<\/div>\n<!-- INCLUSIONS (exactly from PDF data) -->\n<div class=\"included-section\">\n<h2 class=\"section-title\">\u2705 What&#8217;s Included<\/h2>\n<ul class=\"grid-list\">\n<li>Airport transfers<\/li>\n<li>Hotel stays (4\u2605 &amp; 3\u2605)<\/li>\n<li>Guided tours (Seat-in-coach)<\/li>\n<li>Into the Glacier experience<\/li>\n<li>Myvatn Thermal Bath entry<\/li>\n<li>Blue Lagoon Comfort Package<\/li>\n<li>All sightseeing as per itinerary<\/li>\n<\/ul>\n<\/div>\n<!-- FOOTER (exactly from PDF data) -->\n<div class=\"tour-footer\">\n<p>Pushpak Tours | Nagpur<\/p>\n<p>Contact: 9552090088 | pushpaktours99@gmail.com<\/p>\n<\/div>\n<\/div>\n<p><script>\n\/\/ Gallery thumbnails\nconst thumbnails = document.querySelectorAll('.thumbnail');\nconst mainImg = document.getElementById('mainHeroImage');\nif (thumbnails.length && mainImg) {\n    thumbnails.forEach(thumb => {\n        thumb.addEventListener('click', () => {\n            const newSrc = thumb.getAttribute('data-img');\n            mainImg.src = newSrc;\n            thumbnails.forEach(t => t.classList.remove('active-thumb'));\n            thumb.classList.add('active-thumb');\n        });\n    });\n}\n\n\/\/ Itinerary accordion\nconst dayHeaders = document.querySelectorAll('.day-header');\ndayHeaders.forEach(header => {\n    header.addEventListener('click', () => {\n        const contentDiv = header.nextElementSibling;\n        const arrow = header.querySelector('span:last-child');\n        if (contentDiv.style.display === 'block') {\n            contentDiv.style.display = 'none';\n            arrow.innerHTML = '\u25bc';\n        } else {\n            contentDiv.style.display = 'block';\n            arrow.innerHTML = '\u25b2';\n        }\n    });\n});\n\n\/\/ Open first day by default\nconst firstHeader = document.querySelector('.day-header');\nif (firstHeader) {\n    const firstContent = firstHeader.nextElementSibling;\n    firstContent.style.display = 'block';\n    firstHeader.querySelector('span:last-child').innerHTML = '\u25b2';\n}\n<\/script><\/p>\n<!-- \/wp:html -->\t\t\t\t\t\t<\/div>\n\t\t\t\t<\/div>\n\t\t\t\t\t<\/div>\n\t\t\t\t<\/div>\n\t\t\t\t\t\t\t<\/div>\n\t\t","protected":false},"excerpt":{"rendered":"<p>Iceland Explorer: Glaciers, Geysers &amp; Northern Wonders 10 Days \u00b7 Iceland Tour Iceland Explorer: Glaciers, Geysers &amp; Northern Wonders Embark on an unforgettable 10-day journey through Iceland&#8217;s dramatic landscapes \u2014 from geysers and waterfalls to glaciers, lava fields, and geothermal spas. \ud83d\udcc5 01 May \u2013 10 May 2026 \ud83c\udf19 9 Nights \/ 10 Days \ud83d\udccd [&hellip;]<\/p>\n","protected":false},"author":2,"featured_media":0,"parent":0,"menu_order":0,"comment_status":"closed","ping_status":"closed","template":"","meta":{"footnotes":""},"_links":{"self":[{"href":"https:\/\/ithinkiceland.com\/index.php\/wp-json\/wp\/v2\/pages\/7965"}],"collection":[{"href":"https:\/\/ithinkiceland.com\/index.php\/wp-json\/wp\/v2\/pages"}],"about":[{"href":"https:\/\/ithinkiceland.com\/index.php\/wp-json\/wp\/v2\/types\/page"}],"author":[{"embeddable":true,"href":"https:\/\/ithinkiceland.com\/index.php\/wp-json\/wp\/v2\/users\/2"}],"replies":[{"embeddable":true,"href":"https:\/\/ithinkiceland.com\/index.php\/wp-json\/wp\/v2\/comments?post=7965"}],"version-history":[{"count":9,"href":"https:\/\/ithinkiceland.com\/index.php\/wp-json\/wp\/v2\/pages\/7965\/revisions"}],"predecessor-version":[{"id":8029,"href":"https:\/\/ithinkiceland.com\/index.php\/wp-json\/wp\/v2\/pages\/7965\/revisions\/8029"}],"wp:attachment":[{"href":"https:\/\/ithinkiceland.com\/index.php\/wp-json\/wp\/v2\/media?parent=7965"}],"curies":[{"name":"wp","href":"https:\/\/api.w.org\/{rel}","templated":true}]}}